{"id":1288,"date":"2026-01-21T08:19:55","date_gmt":"2026-01-21T08:19:55","guid":{"rendered":"https:\/\/selmaakcakaya.com.tr\/?page_id=1288"},"modified":"2026-01-21T09:17:38","modified_gmt":"2026-01-21T09:17:38","slug":"kocluk-hakkinda","status":"publish","type":"page","link":"https:\/\/selmaakcakaya.com.tr\/?page_id=1288","title":{"rendered":"KO\u00c7LUK HAKKINDA"},"content":{"rendered":"\t\t<div data-elementor-type=\"wp-page\" data-elementor-id=\"1288\" class=\"elementor elementor-1288\">\n\t\t\t\t\t\t<section class=\"elementor-section elementor-top-section elementor-element elementor-element-a0eea11 elementor-section-boxed elementor-section-height-default elementor-section-height-default\" data-id=\"a0eea11\" data-element_type=\"section\">\n\t\t\t\t\t\t<div class=\"elementor-container elementor-column-gap-extended\">\n\t\t\t\t\t<div class=\"elementor-column elementor-col-100 elementor-top-column elementor-element elementor-element-5bed5c9 sc_layouts_column_icons_position_left\" data-id=\"5bed5c9\" data-element_type=\"column\">\n\t\t\t<div class=\"elementor-widget-wrap elementor-element-populated\">\n\t\t\t\t\t\t<div class=\"elementor-element elementor-element-fae1976 elementor-widget__width-initial elementor-widget elementor-widget-heading\" data-id=\"fae1976\" data-element_type=\"widget\" data-widget_type=\"heading.default\">\n\t\t\t\t<div class=\"elementor-widget-container\">\n\t\t\t\t\t<div class=\"elementor-heading-title elementor-size-default\"><br><br>  <b>Ko\u00e7 Ne De\u011fildir ?<\/b><br>\n \n<br>Psikolog, Psikiyatr de\u011fildir, te\u015fhis, tan\u0131 koymaz, tedavi etmez, ila\u00e7 vermez, terapi yapmaz. <br><br>Dan\u0131\u015fman de\u011fildir, bilgi payla\u015fmaz. <br><br>Ment\u00f6r de\u011fildir ak\u0131l vermez. <br><br>\u00d6\u011fretmen, E\u011fitmen de\u011fildir ki\u015fiye salt bilgi \u00f6\u011fretmez. <br><br>Ki\u015finin sosyal arkada\u015f\u0131 de\u011fildir. <br><br>Ki\u015fiyi y\u00f6nlendirmez, ki\u015fiye tavsiye vermez.     <br><div style=\"border-width: 1pt;border-style: none;border-color: black;padding: 0cm\">\n<p><br>\n<b>KO\u00c7LUK&nbsp;NED\u0130R ?<\/b><\/p>\n<p><b style=\"font-family: inherit;font-style: inherit;letter-spacing: 0.05px\">Ko\u00e7luk;&nbsp;<\/b><span style=\"font-size: 14px;letter-spacing: 0.05px\">ki\u015filerin i\u00e7lerinde var olan performanslar\u0131n\u0131, <\/span><span style=\"font-size: 14px;letter-spacing: 0.05px\">fark\u0131ndal\u0131klarla birlikte a\u00e7\u0131\u011fa \u00e7\u0131kart\u0131labilmesine ve ki\u015filerin zaten sahip <\/span><span style=\"font-size: 14px;letter-spacing: 0.05px\">olduklar\u0131 potansiyellerini ke\u015ffetmelerine destek veren, ki\u015filerin de\u011ferlerine <\/span><span style=\"font-size: 14px;letter-spacing: 0.05px\">g\u00f6re ya\u015famas\u0131n\u0131 sa\u011flayan yol arkada\u015fl\u0131\u011f\u0131d\u0131r.<\/span><\/p><p><span style=\"font-size: 14px;letter-spacing: 0.05px\">Ko\u00e7luk, \u015fimdi ve <\/span><span style=\"font-size: 14px;letter-spacing: 0.05px\">gelecek ile ilgilidir. Ki\u015filerin ula\u015fmak istedikleri hedeflere do\u011fru ki\u015fi ile <\/span><span style=\"font-size: 14px;letter-spacing: 0.05px\">birlikte ad\u0131mlar atar. Ki\u015filerin kendilerini fark etmesini sa\u011flar. S\u00fcre\u00e7 <\/span><span style=\"font-size: 14px;letter-spacing: 0.05px\">odakl\u0131d\u0131r ve e\u015fitlik ilkesini benimser. Ko\u00e7 ki\u015fideki fark\u0131ndal\u0131\u011f\u0131 artt\u0131r\u0131r.<\/span><\/p><p>Ki\u015fi farketti\u011fi anda de\u011fi\u015fim ba\u015flam\u0131\u015f demektir. Ko\u00e7 ki\u015finin hedefledi\u011fi yolda\ny\u00fcr\u00fcmesine destek veren ki\u015fidir. Gizlilik temel ilkesidir.<\/p><p><b>Ko\u00e7 Kimdir?<\/b><\/p><p>Ko\u00e7un g\u00f6revi, dan\u0131\u015fanlar\u0131n\u0131n zaten sahip oldu\u011fu beceri, yetenek ve yarat\u0131c\u0131l\u0131\u011f\u0131 geli\u015ftirmek i\u00e7in destek sa\u011flamakt\u0131r. Ko\u00e7lar \u00e7\u00f6z\u00fcmleri ve stratejileri m\u00fc\u015fterinin kendisinde <span style=\"font-size: 14px;letter-spacing: 0.05px\">edinirler; m\u00fc\u015fterinin i\u00e7indeki potansiyele, yarat\u0131c\u0131 ve becerikli oldu\u011funa <\/span><span style=\"font-size: 14px;letter-spacing: 0.05px\">inan\u0131rlar.<\/span><\/p><p><b style=\"font-family: inherit;font-style: inherit;letter-spacing: 0.05px\">Ko\u00e7 Ne Yapar? Nas\u0131l <\/b><b style=\"font-family: inherit;font-style: inherit;letter-spacing: 0.05px\">Yapar?<\/b><\/p>\n<p><span style=\"font-size: 14px;letter-spacing: 0.05px\">Ko\u00e7lar; m\u00fc\u015fterilerini <\/span><span style=\"font-size: 14px;letter-spacing: 0.05px\">derin dinler ve dinlediklerinin \u00f6tesinde ne anlatmak istediklerini g\u00f6r\u00fcr. <\/span><span style=\"font-size: 14px;letter-spacing: 0.05px\">Dan\u0131\u015fanlar\u0131n \u015fu anda bulundu\u011fu yer ile gelecekte olmak istedikleri yere ula\u015fmak <\/span><span style=\"font-size: 14px;letter-spacing: 0.05px\">i\u00e7in yapmak istediklerine odaklan\u0131r ve ona bunu nas\u0131l yapabilece\u011fini sorular sorarak <\/span><span style=\"font-size: 14px;letter-spacing: 0.05px\">g\u00f6stermeye \u00e7al\u0131\u015f\u0131r.<\/span><\/p>\n<p><b>Ko\u00e7un yetkinlikleri nelerdir?&nbsp;<\/b><\/p><p>Ko\u00e7luk anla\u015fmas\u0131n\u0131 olu\u015fturur<\/p><p>Dan\u0131\u015fan\u0131 ve kurumu ile g\u00fcveni olu\u015fturur<\/p><p>Ahlaki temel kavramlar ve mesleki standartlara uyar<\/p><p>Ko\u00e7luk s\u00fcrecinin nas\u0131l i\u015fleyece\u011fini aktar\u0131r<\/p><p>Derin dinler<\/p><p>Aktif dinler<\/p><p>Objektif g\u00f6zlemler<\/p><p>G\u00fc\u00e7l\u00fc soru sorar<\/p><p>Do\u011fru sorular sorar<\/p><p>Geri bildirim verir<\/p><p>Direk ileti\u015fim kurar<\/p><p>Fark\u0131ndal\u0131\u011f\u0131 yarat\u0131r<\/p><p>Planlama yap\u0131lmas\u0131n\u0131 sa\u011flar<\/p><p>Hedef odakl\u0131 \u00e7al\u0131\u015f\u0131r, hedef odakl\u0131 \u00e7al\u0131\u015f\u0131lmas\u0131n\u0131 izler<\/p>\n\n<p>Eylemlerin ad\u0131m ad\u0131m\nhedefe gidi\u015fini yolda tutar<\/p>\n\n<p>Geli\u015fimi ve\nsorumlulu\u011fu ko\u00e7luk yakla\u015f\u0131m\u0131yla y\u00f6netir.&nbsp;<\/p>\n\n<p>&nbsp;<\/p>\n\n<p><b>Ko\u00e7luk Neden \u0130\u015fe\nYarar?<\/b><\/p>\n\n<p><\/p>\n\n<p>Ko\u00e7luk hizmeti alan\nki\u015fi ve kurulu\u015flar, kendileri, ili\u015fkileri, vizyonlar\u0131, misyonlar\u0131, hedefleri\n\u00fczerinde fark\u0131ndal\u0131k kazan\u0131r. Dan\u0131\u015fan ne yapmak istiyorsa, etkinli\u011fi\nnoktalar\u0131nda \u00e7al\u0131\u015fma hedeflerinde ko\u00e7uyla i\u015fbirli\u011fi halindedir. Eylemlerinde\nba\u015far\u0131l\u0131 sonu\u00e7 almak i\u00e7in ko\u00e7un deste\u011fini alarak, birlikte y\u00fcr\u00fcr. Ki\u015fi ve\nkurumlar kendilerini sorgulamay\u0131, geli\u015ftirmeyi \u00f6\u011frenir, bunu bir yakla\u015f\u0131m\nolarak benimserler.<\/p>\n\n<p><\/p>\n\n<p><b>Neden Ko\u00e7luk?<\/b><\/p>\n\n<p>\u00c7\u00fcnk\u00fc ko\u00e7luk ileriye\ndo\u011fru bir ad\u0131md\u0131r ve kurum ve ki\u015fileri olmak istedikleri yere ta\u015f\u0131r.<\/p>\n\n<p><\/p>\n\n<p><b>Ko\u00e7la \u00c7al\u0131\u015fmaya\nBa\u015flad\u0131ktan Sonra Neler De\u011fi\u015fir?<\/b><\/p>\n\n<p><\/p>\n\n<p>Ki\u015fi ve kurumlar\nkendileri ile ilgili fark\u0131ndal\u0131k kazan\u0131rlar.<\/p>\n\n<p>Ki\u015fi ve kurumlar\nhedeflerini daha kolay ve etkin bir \u015fekilde belirlerler.<\/p>\n\n<p>Ki\u015fi ve kurumlar\nkaynaklar\u0131n\u0131 daha etkin kullanmaya ba\u015flarlar.<\/p>\n\n<p>Ki\u015fi ve kurumlar \u00f6z\ndisiplin sa\u011flarlar.<\/p>\n\n<p>Ki\u015fi ve kurulu\u015flar\nacil ve \u00f6nemli i\u015flerini fark eder ve bunu s\u00fcrekli hale getirirler.<\/p>\n\n<p>Ki\u015fi ve kurumlar\n\u00f6nceliklerini belirlemeyi \u00f6\u011frenir ve i\u00e7selle\u015ftirir.<\/p>\n\n<p>Ki\u015fi ve kurumlar\nertelemeyi b\u0131rak\u0131rlar.<\/p>\n\n<p>Ki\u015fi ve kurumlar\netkili ad\u0131mlar\u0131 hemen atmaya ba\u015flarlar.<\/p>\n\n<p>Ki\u015fi ve kurumlar\nhatalar\u0131ndan ders \u00e7\u0131karmay\u0131 \u00f6\u011frenirler.<\/p>\n\n<p>Ki\u015filer s\u00fcrekli\n\u00f6\u011frenmeyi ilke edinerek performanslar\u0131n\u0131 artt\u0131r\u0131rlar.<\/p>\n\n<p>Kurulu\u015flar s\u00fcrekli\n\u00f6\u011frenme ilkesiyle \u00f6\u011frenen organizasyonlar haline gelirler.<\/p>\n\n<p>Ki\u015filer ve\nkurulu\u015flardaki \u00e7al\u0131\u015fanlar i\u015f ve \u00f6zel ya\u015fam dengelerini kurmay\u0131 \u00f6\u011frenirler.<\/p>\n\n<p>Ki\u015filer kendi\nya\u015famlar\u0131n\u0131n lideri haline gelirler.<\/p>\n\n<p>&nbsp;<\/p>\n\n<p><span lang=\"TR\">&nbsp;<\/span><\/p>\n\n<\/div>\n\n<\/div>\t\t\t\t<\/div>\n\t\t\t\t<\/div>\n\t\t\t\t\t<\/div>\n\t\t<\/div>\n\t\t\t\t\t<\/div>\n\t\t<\/section>\n\t\t\t\t<\/div>\n\t\t","protected":false},"excerpt":{"rendered":"<p>Ko\u00e7 Ne De\u011fildir ? Psikolog, Psikiyatr de\u011fildir, te\u015fhis, tan\u0131 koymaz, tedavi etmez, ila\u00e7 vermez, terapi yapmaz. Dan\u0131\u015fman de\u011fildir, bilgi payla\u015fmaz. Ment\u00f6r de\u011fildir ak\u0131l vermez. \u00d6\u011fretmen, E\u011fitmen de\u011fildir ki\u015fiye salt bilgi \u00f6\u011fretmez. Ki\u015finin&hellip;<\/p>\n","protected":false},"author":1,"featured_media":0,"parent":0,"menu_order":0,"comment_status":"closed","ping_status":"closed","template":"","meta":{"_monsterinsights_skip_tracking":false,"_monsterinsights_sitenote_active":false,"_monsterinsights_sitenote_note":"","_monsterinsights_sitenote_category":0,"footnotes":""},"class_list":["post-1288","page","type-page","status-publish","hentry"],"yoast_head":"<!-- This site is optimized with the Yoast SEO plugin v27.5 - https:\/\/yoast.com\/product\/yoast-seo-wordpress\/ -->\n<title>KO\u00c7LUK HAKKINDA - Selma Akku\u015f<\/title>\n<meta name=\"robots\" content=\"index, follow, max-snippet:-1, max-image-preview:large, max-video-preview:-1\" \/>\n<link rel=\"canonical\" href=\"https:\/\/selmaakcakaya.com.tr\/?page_id=1288\" \/>\n<meta property=\"og:locale\" content=\"en_US\" \/>\n<meta property=\"og:type\" content=\"article\" \/>\n<meta property=\"og:title\" content=\"KO\u00c7LUK HAKKINDA - Selma Akku\u015f\" \/>\n<meta property=\"og:description\" content=\"Ko\u00e7 Ne De\u011fildir ? Psikolog, Psikiyatr de\u011fildir, te\u015fhis, tan\u0131 koymaz, tedavi etmez, ila\u00e7 vermez, terapi yapmaz. Dan\u0131\u015fman de\u011fildir, bilgi payla\u015fmaz. Ment\u00f6r de\u011fildir ak\u0131l vermez. \u00d6\u011fretmen, E\u011fitmen de\u011fildir ki\u015fiye salt bilgi \u00f6\u011fretmez. Ki\u015finin&hellip;\" \/>\n<meta property=\"og:url\" content=\"https:\/\/selmaakcakaya.com.tr\/?page_id=1288\" \/>\n<meta property=\"og:site_name\" content=\"Selma Akku\u015f\" \/>\n<meta property=\"article:modified_time\" content=\"2026-01-21T09:17:38+00:00\" \/>\n<meta name=\"twitter:card\" content=\"summary_large_image\" \/>\n<meta name=\"twitter:label1\" content=\"Est. reading time\" \/>\n\t<meta name=\"twitter:data1\" content=\"2 minutes\" \/>\n<script type=\"application\/ld+json\" class=\"yoast-schema-graph\">{\"@context\":\"https:\\\/\\\/schema.org\",\"@graph\":[{\"@type\":\"WebPage\",\"@id\":\"https:\\\/\\\/selmaakcakaya.com.tr\\\/?page_id=1288\",\"url\":\"https:\\\/\\\/selmaakcakaya.com.tr\\\/?page_id=1288\",\"name\":\"KO\u00c7LUK HAKKINDA - Selma Akku\u015f\",\"isPartOf\":{\"@id\":\"https:\\\/\\\/selmaakcakaya.com.tr\\\/#website\"},\"datePublished\":\"2026-01-21T08:19:55+00:00\",\"dateModified\":\"2026-01-21T09:17:38+00:00\",\"breadcrumb\":{\"@id\":\"https:\\\/\\\/selmaakcakaya.com.tr\\\/?page_id=1288#breadcrumb\"},\"inLanguage\":\"en-US\",\"potentialAction\":[{\"@type\":\"ReadAction\",\"target\":[\"https:\\\/\\\/selmaakcakaya.com.tr\\\/?page_id=1288\"]}]},{\"@type\":\"BreadcrumbList\",\"@id\":\"https:\\\/\\\/selmaakcakaya.com.tr\\\/?page_id=1288#breadcrumb\",\"itemListElement\":[{\"@type\":\"ListItem\",\"position\":1,\"name\":\"Home\",\"item\":\"https:\\\/\\\/selmaakcakaya.com.tr\\\/\"},{\"@type\":\"ListItem\",\"position\":2,\"name\":\"KO\u00c7LUK HAKKINDA\"}]},{\"@type\":\"WebSite\",\"@id\":\"https:\\\/\\\/selmaakcakaya.com.tr\\\/#website\",\"url\":\"https:\\\/\\\/selmaakcakaya.com.tr\\\/\",\"name\":\"Selma Akku\u015f\",\"description\":\"Ya\u015fam Ko\u00e7u\",\"potentialAction\":[{\"@type\":\"SearchAction\",\"target\":{\"@type\":\"EntryPoint\",\"urlTemplate\":\"https:\\\/\\\/selmaakcakaya.com.tr\\\/?s={search_term_string}\"},\"query-input\":{\"@type\":\"PropertyValueSpecification\",\"valueRequired\":true,\"valueName\":\"search_term_string\"}}],\"inLanguage\":\"en-US\"}]}<\/script>\n<!-- \/ Yoast SEO plugin. -->","yoast_head_json":{"title":"KO\u00c7LUK HAKKINDA - Selma Akku\u015f","robots":{"index":"index","follow":"follow","max-snippet":"max-snippet:-1","max-image-preview":"max-image-preview:large","max-video-preview":"max-video-preview:-1"},"canonical":"https:\/\/selmaakcakaya.com.tr\/?page_id=1288","og_locale":"en_US","og_type":"article","og_title":"KO\u00c7LUK HAKKINDA - Selma Akku\u015f","og_description":"Ko\u00e7 Ne De\u011fildir ? Psikolog, Psikiyatr de\u011fildir, te\u015fhis, tan\u0131 koymaz, tedavi etmez, ila\u00e7 vermez, terapi yapmaz. Dan\u0131\u015fman de\u011fildir, bilgi payla\u015fmaz. Ment\u00f6r de\u011fildir ak\u0131l vermez. \u00d6\u011fretmen, E\u011fitmen de\u011fildir ki\u015fiye salt bilgi \u00f6\u011fretmez. Ki\u015finin&hellip;","og_url":"https:\/\/selmaakcakaya.com.tr\/?page_id=1288","og_site_name":"Selma Akku\u015f","article_modified_time":"2026-01-21T09:17:38+00:00","twitter_card":"summary_large_image","twitter_misc":{"Est. reading time":"2 minutes"},"schema":{"@context":"https:\/\/schema.org","@graph":[{"@type":"WebPage","@id":"https:\/\/selmaakcakaya.com.tr\/?page_id=1288","url":"https:\/\/selmaakcakaya.com.tr\/?page_id=1288","name":"KO\u00c7LUK HAKKINDA - Selma Akku\u015f","isPartOf":{"@id":"https:\/\/selmaakcakaya.com.tr\/#website"},"datePublished":"2026-01-21T08:19:55+00:00","dateModified":"2026-01-21T09:17:38+00:00","breadcrumb":{"@id":"https:\/\/selmaakcakaya.com.tr\/?page_id=1288#breadcrumb"},"inLanguage":"en-US","potentialAction":[{"@type":"ReadAction","target":["https:\/\/selmaakcakaya.com.tr\/?page_id=1288"]}]},{"@type":"BreadcrumbList","@id":"https:\/\/selmaakcakaya.com.tr\/?page_id=1288#breadcrumb","itemListElement":[{"@type":"ListItem","position":1,"name":"Home","item":"https:\/\/selmaakcakaya.com.tr\/"},{"@type":"ListItem","position":2,"name":"KO\u00c7LUK HAKKINDA"}]},{"@type":"WebSite","@id":"https:\/\/selmaakcakaya.com.tr\/#website","url":"https:\/\/selmaakcakaya.com.tr\/","name":"Selma Akku\u015f","description":"Ya\u015fam Ko\u00e7u","potentialAction":[{"@type":"SearchAction","target":{"@type":"EntryPoint","urlTemplate":"https:\/\/selmaakcakaya.com.tr\/?s={search_term_string}"},"query-input":{"@type":"PropertyValueSpecification","valueRequired":true,"valueName":"search_term_string"}}],"inLanguage":"en-US"}]}},"_links":{"self":[{"href":"https:\/\/selmaakcakaya.com.tr\/index.php?rest_route=\/wp\/v2\/pages\/1288","targetHints":{"allow":["GET"]}}],"collection":[{"href":"https:\/\/selmaakcakaya.com.tr\/index.php?rest_route=\/wp\/v2\/pages"}],"about":[{"href":"https:\/\/selmaakcakaya.com.tr\/index.php?rest_route=\/wp\/v2\/types\/page"}],"author":[{"embeddable":true,"href":"https:\/\/selmaakcakaya.com.tr\/index.php?rest_route=\/wp\/v2\/users\/1"}],"replies":[{"embeddable":true,"href":"https:\/\/selmaakcakaya.com.tr\/index.php?rest_route=%2Fwp%2Fv2%2Fcomments&post=1288"}],"version-history":[{"count":25,"href":"https:\/\/selmaakcakaya.com.tr\/index.php?rest_route=\/wp\/v2\/pages\/1288\/revisions"}],"predecessor-version":[{"id":1339,"href":"https:\/\/selmaakcakaya.com.tr\/index.php?rest_route=\/wp\/v2\/pages\/1288\/revisions\/1339"}],"wp:attachment":[{"href":"https:\/\/selmaakcakaya.com.tr\/index.php?rest_route=%2Fwp%2Fv2%2Fmedia&parent=1288"}],"curies":[{"name":"wp","href":"https:\/\/api.w.org\/{rel}","templated":true}]}}